{"id":1652,"date":"2021-07-26T12:40:52","date_gmt":"2021-07-26T10:40:52","guid":{"rendered":"https:\/\/www.mamadelletimel.cat\/producte\/cuento-hermana-placenta\/"},"modified":"2023-04-02T13:40:20","modified_gmt":"2023-04-02T11:40:20","slug":"cuento-hermana-placenta","status":"publish","type":"product","link":"https:\/\/www.mamadelletimel.cat\/es\/producte\/cuento-hermana-placenta\/","title":{"rendered":"Cuento HERMANA PLACENTA"},"content":{"rendered":"<p class=\"p1\">HERMANA PLACENTA es un cuento sensible y suggerente<span class=\"Apple-converted-space\">\u00a0 <\/span>sobre la placenta que visibiliza y rompe tab\u00faes en relaci\u00f3n a este \u00f3rgano.<\/p>\n<p class=\"p1\">En nuestra sociedad la placenta es una desconocida, ya que a lo largo de la educaci\u00f3n y de la vida se nombra muy poco o nada y, adem\u00e1s, es considerada un simple residuo biol\u00f3gico.<span class=\"Apple-converted-space\">\u00a0<\/span><\/p>\n<p>Escrito en castellano.<\/p>\n","protected":false},"excerpt":{"rendered":"<p class=\"p1\">HERMANA PLACENTA es un \u00e1lbum ilustrado para todas las edades que, en el marco de la educaci\u00f3n sexual, tiene el objetivo de dar a conocer y dar valor y respeto a este \u00f3rgano femenino y ef\u00edmero tan potente e importante para nuestro crecimiento y nacimiento.<span class=\"Apple-converted-space\">\u00a0<\/span><\/p>\n<p class=\"p1\">A trav\u00e9s de las maravillosas y emotivas ilustraciones de @agnesmateu te adentrar\u00e1s en un profundo viaje que te permitir\u00e1 conocer a \u201ctu Hermana Placenta\u201d, a conectar con ella y con la naturaleza.<span class=\"Apple-converted-space\">\u00a0<\/span><\/p>\n","protected":false},"featured_media":1649,"template":"","meta":{"_et_pb_use_builder":"","_et_pb_old_content":"","_et_gb_content_width":""},"product_brand":[],"product_cat":[37],"product_tag":[],"class_list":{"0":"post-1652","1":"product","2":"type-product","3":"status-publish","4":"has-post-thumbnail","6":"product_cat-tienda-llet-i-mel","8":"first","9":"instock","10":"featured","11":"shipping-taxable","12":"purchasable","13":"product-type-simple"},"_links":{"self":[{"href":"https:\/\/www.mamadelletimel.cat\/es\/wp-json\/wp\/v2\/product\/1652","targetHints":{"allow":["GET"]}}],"collection":[{"href":"https:\/\/www.mamadelletimel.cat\/es\/wp-json\/wp\/v2\/product"}],"about":[{"href":"https:\/\/www.mamadelletimel.cat\/es\/wp-json\/wp\/v2\/types\/product"}],"wp:featuredmedia":[{"embeddable":true,"href":"https:\/\/www.mamadelletimel.cat\/es\/wp-json\/wp\/v2\/media\/1649"}],"wp:attachment":[{"href":"https:\/\/www.mamadelletimel.cat\/es\/wp-json\/wp\/v2\/media?parent=1652"}],"wp:term":[{"taxonomy":"product_brand","embeddable":true,"href":"https:\/\/www.mamadelletimel.cat\/es\/wp-json\/wp\/v2\/product_brand?post=1652"},{"taxonomy":"product_cat","embeddable":true,"href":"https:\/\/www.mamadelletimel.cat\/es\/wp-json\/wp\/v2\/product_cat?post=1652"},{"taxonomy":"product_tag","embeddable":true,"href":"https:\/\/www.mamadelletimel.cat\/es\/wp-json\/wp\/v2\/product_tag?post=1652"}],"curies":[{"name":"wp","href":"https:\/\/api.w.org\/{rel}","templated":true}]}}