{"id":1016,"date":"2020-12-01T11:40:44","date_gmt":"2020-12-01T09:40:44","guid":{"rendered":"https:\/\/www.mamadelletimel.cat\/producte\/toallitas-de-lactancia\/"},"modified":"2023-01-17T18:41:48","modified_gmt":"2023-01-17T16:41:48","slug":"toallitas-de-lactancia","status":"publish","type":"product","link":"https:\/\/www.mamadelletimel.cat\/es\/producte\/toallitas-de-lactancia\/","title":{"rendered":"Toallitas de lactancia"},"content":{"rendered":"<p><span class=\"Y2IQFc\" lang=\"es\">Todos los tejidos tienen el certificado GOTS, que garantiza el estado org\u00e1nico de los tejidos, desde la cosecha de las materias primas hasta el etiquetado, pasando por la fabricaci\u00f3n responsable a escala ambiental y social. Tambi\u00e9n tienen el certificado OEKO-TEX Standard 100, que nos asegura que han pasado controles de calidad y que no tienen componentes nocivos para la piel, ni en los tejidos ni en las fases de fabricaci\u00f3n de los productos.<\/span><\/p>\n<p><em>Dimensiones: 28&#215;28<\/em><\/p>\n<p><em>Composici\u00f3n: 100% algod\u00f3n org\u00e1nico<\/em><\/p>\n","protected":false},"excerpt":{"rendered":"<p><span style=\"font-weight: 400\">Los trapitos de lactancia es uno de los productos que he usado m\u00e1s desde que soy madre, de hecho todav\u00eda los utilizamos!<\/span> <span style=\"font-weight: 400\">Por un lado son de muselina o punto y por el otro son de rizo de algod\u00f3n. Tienen una textura suave y agradable perfecta para limpiarles tras una toma. Tambi\u00e9n son ideales para secar las babitas sobre todo durante la \u00e9poca que salen los dientes. Tanto si se utiliza esponja, algodones con agua o toallitas h\u00famedas, estas toallitas van muy bien para dejar los genitales y el culito bien secos. Incluso, durante alg\u00fan resfriado que la nariz no para de manar moquitos l\u00edquidos, los hemos usado para secarlos y as\u00ed no irritar tanto la piel.<\/span> <span style=\"font-weight: 400\">Es un pack de tres trapitos de lactancia.<\/span><\/p>\n<p>POR ENCARGO.<\/p>\n","protected":false},"featured_media":1205,"template":"","meta":{"_et_pb_use_builder":"off","_et_pb_old_content":"<p id=\"tw-target-text\" class=\"tw-data-text tw-text-large XcVN5d tw-ta\" dir=\"ltr\" data-placeholder=\"Traducci\u00f3n\"><span class=\"Y2IQFc\" lang=\"es\">Todos los tejidos tienen el certificado GOTS, que garantiza el estado org\u00e1nico de los tejidos, desde la cosecha de las materias primas hasta el etiquetado, pasando por la fabricaci\u00f3n responsable a escala ambiental y social. Tambi\u00e9n tienen el certificado OEKO-TEX Standard 100, que nos asegura que han pasado controles de calidad y que no tienen componentes nocivos para la piel, ni en los tejidos ni en las fases de fabricaci\u00f3n de los productos.<\/span><\/p>\r\n<p>Dimensiones: 28x28<\/p>\r\n<p>Composici\u00f3n: 100% algod\u00f3n org\u00e1nico<\/p>","_et_gb_content_width":""},"product_brand":[],"product_cat":[37],"product_tag":[],"class_list":{"0":"post-1016","1":"product","2":"type-product","3":"status-publish","4":"has-post-thumbnail","6":"product_cat-tienda-llet-i-mel","8":"first","9":"instock","10":"featured","11":"shipping-taxable","12":"purchasable","13":"product-type-simple"},"_links":{"self":[{"href":"https:\/\/www.mamadelletimel.cat\/es\/wp-json\/wp\/v2\/product\/1016","targetHints":{"allow":["GET"]}}],"collection":[{"href":"https:\/\/www.mamadelletimel.cat\/es\/wp-json\/wp\/v2\/product"}],"about":[{"href":"https:\/\/www.mamadelletimel.cat\/es\/wp-json\/wp\/v2\/types\/product"}],"wp:featuredmedia":[{"embeddable":true,"href":"https:\/\/www.mamadelletimel.cat\/es\/wp-json\/wp\/v2\/media\/1205"}],"wp:attachment":[{"href":"https:\/\/www.mamadelletimel.cat\/es\/wp-json\/wp\/v2\/media?parent=1016"}],"wp:term":[{"taxonomy":"product_brand","embeddable":true,"href":"https:\/\/www.mamadelletimel.cat\/es\/wp-json\/wp\/v2\/product_brand?post=1016"},{"taxonomy":"product_cat","embeddable":true,"href":"https:\/\/www.mamadelletimel.cat\/es\/wp-json\/wp\/v2\/product_cat?post=1016"},{"taxonomy":"product_tag","embeddable":true,"href":"https:\/\/www.mamadelletimel.cat\/es\/wp-json\/wp\/v2\/product_tag?post=1016"}],"curies":[{"name":"wp","href":"https:\/\/api.w.org\/{rel}","templated":true}]}}