{"id":1015,"date":"2020-12-01T11:42:35","date_gmt":"2020-12-01T09:42:35","guid":{"rendered":"https:\/\/www.mamadelletimel.cat\/producte\/cuento-miel\/"},"modified":"2023-04-02T13:44:26","modified_gmt":"2023-04-02T11:44:26","slug":"cuento-miel","status":"publish","type":"product","link":"https:\/\/www.mamadelletimel.cat\/es\/producte\/cuento-miel\/","title":{"rendered":"Cuento MEL"},"content":{"rendered":"<p>Est\u00e1 impreso con papel reciclado.<\/p>\n<p>Escrito en catal\u00e1n.<\/p>\n","protected":false},"excerpt":{"rendered":"<p><span style=\"font-weight: 400\">El nacimiento de mi hija fue la inspiraci\u00f3n para comenzar escribir este cuento. Cuando Mel hizo un a\u00f1o le regal\u00e9 el cuento con las preciosas ilustraciones de Andrea Zayas. Le gusta mucho mirarlo y ahora que pronto har\u00e1 dos, he hecho una autoedici\u00f3n!<\/span><\/p>\n<p><b>Mel<\/b><span style=\"font-weight: 400\"> es un paseo por la magia del embarazo y los primeros meses de vida de una hija o un hijo. Un cuento dulce y tierno que transmite las emociones a flor de piel que se viven y se recuerdan en estos momentos tan especiales. Es un cuento escrito desde el coraz\u00f3n y deseo que tambi\u00e9n os llegue al coraz\u00f3n.<\/span><\/p>\n","protected":false},"featured_media":1223,"template":"","meta":{"_et_pb_use_builder":"off","_et_pb_old_content":"Todos los tejidos tienen el certificado OEKO-TEX 100, que nos asegura que han pasado controles de calidad y que no tienen componentes nocivos para la piel.","_et_gb_content_width":""},"product_brand":[],"product_cat":[37],"product_tag":[],"class_list":{"0":"post-1015","1":"product","2":"type-product","3":"status-publish","4":"has-post-thumbnail","6":"product_cat-tienda-llet-i-mel","8":"first","9":"outofstock","10":"shipping-taxable","11":"purchasable","12":"product-type-simple"},"_links":{"self":[{"href":"https:\/\/www.mamadelletimel.cat\/es\/wp-json\/wp\/v2\/product\/1015","targetHints":{"allow":["GET"]}}],"collection":[{"href":"https:\/\/www.mamadelletimel.cat\/es\/wp-json\/wp\/v2\/product"}],"about":[{"href":"https:\/\/www.mamadelletimel.cat\/es\/wp-json\/wp\/v2\/types\/product"}],"wp:featuredmedia":[{"embeddable":true,"href":"https:\/\/www.mamadelletimel.cat\/es\/wp-json\/wp\/v2\/media\/1223"}],"wp:attachment":[{"href":"https:\/\/www.mamadelletimel.cat\/es\/wp-json\/wp\/v2\/media?parent=1015"}],"wp:term":[{"taxonomy":"product_brand","embeddable":true,"href":"https:\/\/www.mamadelletimel.cat\/es\/wp-json\/wp\/v2\/product_brand?post=1015"},{"taxonomy":"product_cat","embeddable":true,"href":"https:\/\/www.mamadelletimel.cat\/es\/wp-json\/wp\/v2\/product_cat?post=1015"},{"taxonomy":"product_tag","embeddable":true,"href":"https:\/\/www.mamadelletimel.cat\/es\/wp-json\/wp\/v2\/product_tag?post=1015"}],"curies":[{"name":"wp","href":"https:\/\/api.w.org\/{rel}","templated":true}]}}