{"id":1014,"date":"2020-12-01T11:43:22","date_gmt":"2020-12-01T09:43:22","guid":{"rendered":"https:\/\/www.mamadelletimel.cat\/producte\/toalla-con-capucha\/"},"modified":"2023-01-17T18:41:24","modified_gmt":"2023-01-17T16:41:24","slug":"toalla-con-capucha","status":"publish","type":"product","link":"https:\/\/www.mamadelletimel.cat\/es\/producte\/toalla-con-capucha\/","title":{"rendered":"Toalla con capucha"},"content":{"rendered":"<p><span class=\"Y2IQFc\" lang=\"es\">Todos los tejidos tienen el certificado GOTS, que garantiza el estado org\u00e1nico de los tejidos, desde la cosecha de las materias primas hasta el etiquetado, pasando por la fabricaci\u00f3n responsable a escala ambiental y social. Tambi\u00e9n tienen el certificado OEKO-TEX Standard 100, que nos asegura que han pasado controles de calidad y que no tienen componentes nocivos para la piel, ni en los tejidos ni en las fases de fabricaci\u00f3n de los productos.<\/span><\/p>\n<p><em>Dimensiones:<\/em> 80&#215;80<br \/>\n<em>Composici\u00f3n:<\/em> 100% algod\u00f3n org\u00e1nico<\/p>\n<p>&nbsp;<\/p>\n","protected":false},"excerpt":{"rendered":"<p><span style=\"font-weight: 400\">Una toalla de rizo de algod\u00f3n 100% org\u00e1nico muy gustoso y absorbente. Tiene una capucha para tapar la cabeza justo cuando sale de la ba\u00f1era y as\u00ed evitar que se enfr\u00ede. Tiene unas dimensiones ideales para cubrir bien todo el cuerpo, incluso cuando son m\u00e1s grandes y se secan el cabello.<\/span><\/p>\n<p>POR ENCARGO.<\/p>\n","protected":false},"featured_media":1413,"template":"","meta":{"_et_pb_use_builder":"off","_et_pb_old_content":"Dimensiones: 80x80\r\nComposici\u00f3n: 100% algod\u00f3n org\u00e1nico\r\nTodos los tejidos tienen el certificado OEKO-TEX 100, que nos asegura que han pasado controles de calidad y que no tienen componentes nocivos para la piel.","_et_gb_content_width":""},"product_brand":[],"product_cat":[37],"product_tag":[],"class_list":{"0":"post-1014","1":"product","2":"type-product","3":"status-publish","4":"has-post-thumbnail","6":"product_cat-tienda-llet-i-mel","8":"first","9":"instock","10":"sale","11":"featured","12":"shipping-taxable","13":"purchasable","14":"product-type-variable"},"_links":{"self":[{"href":"https:\/\/www.mamadelletimel.cat\/es\/wp-json\/wp\/v2\/product\/1014","targetHints":{"allow":["GET"]}}],"collection":[{"href":"https:\/\/www.mamadelletimel.cat\/es\/wp-json\/wp\/v2\/product"}],"about":[{"href":"https:\/\/www.mamadelletimel.cat\/es\/wp-json\/wp\/v2\/types\/product"}],"wp:featuredmedia":[{"embeddable":true,"href":"https:\/\/www.mamadelletimel.cat\/es\/wp-json\/wp\/v2\/media\/1413"}],"wp:attachment":[{"href":"https:\/\/www.mamadelletimel.cat\/es\/wp-json\/wp\/v2\/media?parent=1014"}],"wp:term":[{"taxonomy":"product_brand","embeddable":true,"href":"https:\/\/www.mamadelletimel.cat\/es\/wp-json\/wp\/v2\/product_brand?post=1014"},{"taxonomy":"product_cat","embeddable":true,"href":"https:\/\/www.mamadelletimel.cat\/es\/wp-json\/wp\/v2\/product_cat?post=1014"},{"taxonomy":"product_tag","embeddable":true,"href":"https:\/\/www.mamadelletimel.cat\/es\/wp-json\/wp\/v2\/product_tag?post=1014"}],"curies":[{"name":"wp","href":"https:\/\/api.w.org\/{rel}","templated":true}]}}