{"id":1011,"date":"2021-02-02T12:07:48","date_gmt":"2021-02-02T10:07:48","guid":{"rendered":"https:\/\/www.mamadelletimel.cat\/producte\/cuchara-de-miel-con-cintas\/"},"modified":"2021-05-20T07:33:55","modified_gmt":"2021-05-20T05:33:55","slug":"cuchara-de-miel-con-cintas","status":"publish","type":"product","link":"https:\/\/www.mamadelletimel.cat\/es\/producte\/cuchara-de-miel-con-cintas\/","title":{"rendered":"Cuchara de miel con cintas"},"content":{"rendered":"","protected":false},"excerpt":{"rendered":"<p><span style=\"font-weight: 400\">La cuchara de miel con cintas es una versi\u00f3n diferente del conocido cometa Waldorf. \u00c9sta simula la miel cuando cae. Es un juguete sensorial hecha de madera de haya y cintas con diferentes tonos de amarillo y de texturas: lisa, rugosa y suave.<\/span> <span style=\"font-weight: 400\">Es ideal para poner a la cesta de los tesoros de los beb\u00e9s y lo exploren solos, para jugar con ellos a hacerles cosquillas y masajitos o, cuando ya caminan, para moverla y hacer volar las cintas. Un buen elemento para estimular los sentidos y el movimiento libre de los ni\u00f1os.<\/span><\/p>\n<p id=\"tw-target-text\" class=\"tw-data-text tw-text-large XcVN5d tw-ta\" dir=\"ltr\" data-placeholder=\"Traducci\u00f3n\"><span class=\"Y2IQFc\" lang=\"es\">La puedes encontrar con las cintas cortas (de 20cm de longitud) que son para beb\u00e9s hasta 3 a\u00f1os; y con cintas largas (m\u00e1s de 20cm) que son para ni\u00f1as y ni\u00f1os a partir de 3 a\u00f1os.<\/span><\/p>\n","protected":false},"featured_media":1409,"template":"","meta":{"_et_pb_use_builder":"off","_et_pb_old_content":"","_et_gb_content_width":""},"product_brand":[],"product_cat":[37],"product_tag":[],"class_list":{"0":"post-1011","1":"product","2":"type-product","3":"status-publish","4":"has-post-thumbnail","6":"product_cat-tienda-llet-i-mel","8":"first","9":"instock","10":"featured","11":"shipping-taxable","12":"purchasable","13":"product-type-variable"},"_links":{"self":[{"href":"https:\/\/www.mamadelletimel.cat\/es\/wp-json\/wp\/v2\/product\/1011","targetHints":{"allow":["GET"]}}],"collection":[{"href":"https:\/\/www.mamadelletimel.cat\/es\/wp-json\/wp\/v2\/product"}],"about":[{"href":"https:\/\/www.mamadelletimel.cat\/es\/wp-json\/wp\/v2\/types\/product"}],"wp:featuredmedia":[{"embeddable":true,"href":"https:\/\/www.mamadelletimel.cat\/es\/wp-json\/wp\/v2\/media\/1409"}],"wp:attachment":[{"href":"https:\/\/www.mamadelletimel.cat\/es\/wp-json\/wp\/v2\/media?parent=1011"}],"wp:term":[{"taxonomy":"product_brand","embeddable":true,"href":"https:\/\/www.mamadelletimel.cat\/es\/wp-json\/wp\/v2\/product_brand?post=1011"},{"taxonomy":"product_cat","embeddable":true,"href":"https:\/\/www.mamadelletimel.cat\/es\/wp-json\/wp\/v2\/product_cat?post=1011"},{"taxonomy":"product_tag","embeddable":true,"href":"https:\/\/www.mamadelletimel.cat\/es\/wp-json\/wp\/v2\/product_tag?post=1011"}],"curies":[{"name":"wp","href":"https:\/\/api.w.org\/{rel}","templated":true}]}}