{"id":998,"date":"2021-02-05T17:59:16","date_gmt":"2021-02-05T15:59:16","guid":{"rendered":"https:\/\/www.mamadelletimel.cat\/contacto\/"},"modified":"2021-12-01T11:32:50","modified_gmt":"2021-12-01T09:32:50","slug":"contacto","status":"publish","type":"page","link":"https:\/\/www.mamadelletimel.cat\/es\/contacto\/","title":{"rendered":"Contacto"},"content":{"rendered":"<p>[et_pb_section fb_built=&#8221;1&#8243; _builder_version=&#8221;4.6.5&#8243; _module_preset=&#8221;default&#8221; background_enable_color=&#8221;off&#8221; custom_padding=&#8221;||100px||false|false&#8221; bottom_divider_style=&#8221;wave&#8221; bottom_divider_color=&#8221;#f9fafb&#8221; bottom_divider_height=&#8221;175px&#8221; bottom_divider_flip=&#8221;horizontal&#8221; global_colors_info=&#8221;{}&#8221;][et_pb_row column_structure=&#8221;1_2,1_2&#8243; _builder_version=&#8221;4.6.5&#8243; _module_preset=&#8221;default&#8221; custom_margin=&#8221;30px||||false|false&#8221; global_colors_info=&#8221;{}&#8221;][et_pb_column type=&#8221;1_2&#8243; _builder_version=&#8221;4.6.5&#8243; _module_preset=&#8221;default&#8221; global_colors_info=&#8221;{}&#8221;][et_pb_text _builder_version=&#8221;4.6.5&#8243; _module_preset=&#8221;default&#8221; text_font_size=&#8221;18px&#8221; text_line_height=&#8221;1.6em&#8221; header_font_size=&#8221;37px&#8221; header_2_font=&#8221;||||||||&#8221; header_2_font_size=&#8221;47px&#8221; width=&#8221;92%&#8221; global_colors_info=&#8221;{}&#8221;]<\/p>\n<h2>Contacta conmigo<\/h2>\n<p><span style=\"font-weight: 400\">Si tienes alguna pregunta, duda, inter\u00e9s, propuesta, comentario o cualquier otra cosa aqu\u00ed te dejo mi contacto, estar\u00e9 encantada de leerte y contestarte!<\/span><\/p>\n<p>[\/et_pb_text][et_pb_blurb use_icon=&#8221;on&#8221; font_icon=&#8221;&#xe076;||divi||400&#8243; icon_color=&#8221;#ffffff&#8221; image_icon_background_color=&#8221;#ffb52e&#8221; icon_placement=&#8221;left&#8221; image_icon_width=&#8221;16px&#8221; _builder_version=&#8221;4.13.0&#8243; _module_preset=&#8221;default&#8221; header_font=&#8221;Affogato|900||on|||||&#8221; header_text_color=&#8221;#000000&#8243; header_font_size=&#8221;21px&#8221; body_line_height=&#8221;1.8em&#8221; image_icon_custom_padding=&#8221;8px|8px|8px|8px|false|false&#8221; animation_style=&#8221;slide&#8221; animation_direction=&#8221;left&#8221; animation_delay=&#8221;200ms&#8221; link_option_url_new_window=&#8221;on&#8221; border_radii_image=&#8221;on|100%|100%|100%|100%&#8221; use_circle=&#8221;on&#8221; global_colors_info=&#8221;{}&#8221; image_icon_background_color__sticky_enabled=&#8221;#ffb52e&#8221; image_icon_background_color__sticky=&#8221;#ffb52e&#8221;]<\/p>\n<p>hola@mamadelletimel.cat<\/p>\n<p>[\/et_pb_blurb][et_pb_blurb use_icon=&#8221;on&#8221; font_icon=&#8221;&#xe09a;||divi||400&#8243; icon_color=&#8221;#ffffff&#8221; image_icon_background_color=&#8221;#ffb52e&#8221; icon_placement=&#8221;left&#8221; image_icon_width=&#8221;16px&#8221; _builder_version=&#8221;4.13.0&#8243; _module_preset=&#8221;default&#8221; header_font=&#8221;Affogato|900||on|||||&#8221; header_text_color=&#8221;#000000&#8243; header_font_size=&#8221;21px&#8221; body_line_height=&#8221;1.8em&#8221; image_icon_custom_padding=&#8221;8px|8px|8px|8px|false|false&#8221; animation_style=&#8221;slide&#8221; animation_direction=&#8221;left&#8221; animation_delay=&#8221;200ms&#8221; link_option_url=&#8221;https:\/\/www.instagram.com\/mamadelletimel\/&#8221; link_option_url_new_window=&#8221;on&#8221; border_radii_image=&#8221;on|100%|100%|100%|100%&#8221; use_circle=&#8221;on&#8221; global_colors_info=&#8221;{}&#8221; image_icon_background_color__sticky_enabled=&#8221;#ffb52e&#8221; image_icon_background_color__sticky=&#8221;#ffb52e&#8221;]<\/p>\n<p><span>@mamadelletimel<\/span><\/p>\n<p>[\/et_pb_blurb][\/et_pb_column][et_pb_column type=&#8221;1_2&#8243; _builder_version=&#8221;4.6.5&#8243; _module_preset=&#8221;default&#8221; background_color=&#8221;#ffffff&#8221; custom_padding=&#8221;40px|40px|40px|40px|false|false&#8221; animation_style=&#8221;slide&#8221; animation_direction=&#8221;right&#8221; border_radii=&#8221;on|10px|10px|10px|10px&#8221; box_shadow_style=&#8221;preset1&#8243; global_colors_info=&#8221;{}&#8221;][et_pb_contact_form use_spam_service=&#8221;on&#8221; recaptcha_list=&#8221;mamadelletimelcat v3|mamadelletimelcat v3-0&#8243; success_message=&#8221;Gracias, me pondr\u00e9 en contacto contigo enseguida.&#8221; submit_button_text=&#8221;ENVIAR&#8221; _builder_version=&#8221;4.14.2&#8243; _module_preset=&#8221;default&#8221; _unique_id=&#8221;c274c040-a597-46c5-9638-9f12cdc9d21d&#8221; hover_enabled=&#8221;0&#8243; global_colors_info=&#8221;{}&#8221; email=&#8221;hola@mamadelletimel.cat&#8221; custom_message=&#8221;Nom: %%Name%%||et_pb_line_break_holder||Email: %%Email%%||et_pb_line_break_holder||Missatge:||et_pb_line_break_holder||%%Message%%&#8221; sticky_enabled=&#8221;0&#8243;][et_pb_contact_field field_id=&#8221;Name&#8221; field_title=&#8221;Nombre&#8221; fullwidth_field=&#8221;on&#8221; _builder_version=&#8221;4.6.5&#8243; global_colors_info=&#8221;{}&#8221; button_text_size__hover_enabled=&#8221;off&#8221; button_one_text_size__hover_enabled=&#8221;off&#8221; button_two_text_size__hover_enabled=&#8221;off&#8221; button_text_color__hover_enabled=&#8221;off&#8221; button_one_text_color__hover_enabled=&#8221;off&#8221; button_two_text_color__hover_enabled=&#8221;off&#8221; button_border_width__hover_enabled=&#8221;off&#8221; button_one_border_width__hover_enabled=&#8221;off&#8221; button_two_border_width__hover_enabled=&#8221;off&#8221; button_border_color__hover_enabled=&#8221;off&#8221; button_one_border_color__hover_enabled=&#8221;off&#8221; button_two_border_color__hover_enabled=&#8221;off&#8221; button_border_radius__hover_enabled=&#8221;off&#8221; button_one_border_radius__hover_enabled=&#8221;off&#8221; button_two_border_radius__hover_enabled=&#8221;off&#8221; button_letter_spacing__hover_enabled=&#8221;off&#8221; button_one_letter_spacing__hover_enabled=&#8221;off&#8221; button_two_letter_spacing__hover_enabled=&#8221;off&#8221; button_bg_color__hover_enabled=&#8221;off&#8221; button_one_bg_color__hover_enabled=&#8221;off&#8221; button_two_bg_color__hover_enabled=&#8221;off&#8221;][\/et_pb_contact_field][et_pb_contact_field field_id=&#8221;Email&#8221; field_title=&#8221;Correo elctr\u00f3nico&#8221; field_type=&#8221;email&#8221; fullwidth_field=&#8221;on&#8221; _builder_version=&#8221;4.6.5&#8243; global_colors_info=&#8221;{}&#8221; button_text_size__hover_enabled=&#8221;off&#8221; button_one_text_size__hover_enabled=&#8221;off&#8221; button_two_text_size__hover_enabled=&#8221;off&#8221; button_text_color__hover_enabled=&#8221;off&#8221; button_one_text_color__hover_enabled=&#8221;off&#8221; button_two_text_color__hover_enabled=&#8221;off&#8221; button_border_width__hover_enabled=&#8221;off&#8221; button_one_border_width__hover_enabled=&#8221;off&#8221; button_two_border_width__hover_enabled=&#8221;off&#8221; button_border_color__hover_enabled=&#8221;off&#8221; button_one_border_color__hover_enabled=&#8221;off&#8221; button_two_border_color__hover_enabled=&#8221;off&#8221; button_border_radius__hover_enabled=&#8221;off&#8221; button_one_border_radius__hover_enabled=&#8221;off&#8221; button_two_border_radius__hover_enabled=&#8221;off&#8221; button_letter_spacing__hover_enabled=&#8221;off&#8221; button_one_letter_spacing__hover_enabled=&#8221;off&#8221; button_two_letter_spacing__hover_enabled=&#8221;off&#8221; button_bg_color__hover_enabled=&#8221;off&#8221; button_one_bg_color__hover_enabled=&#8221;off&#8221; button_two_bg_color__hover_enabled=&#8221;off&#8221;][\/et_pb_contact_field][et_pb_contact_field field_id=&#8221;Message&#8221; field_title=&#8221;Mensaje&#8221; field_type=&#8221;text&#8221; fullwidth_field=&#8221;on&#8221; _builder_version=&#8221;4.6.5&#8243; global_colors_info=&#8221;{}&#8221; button_text_size__hover_enabled=&#8221;off&#8221; button_one_text_size__hover_enabled=&#8221;off&#8221; button_two_text_size__hover_enabled=&#8221;off&#8221; button_text_color__hover_enabled=&#8221;off&#8221; button_one_text_color__hover_enabled=&#8221;off&#8221; button_two_text_color__hover_enabled=&#8221;off&#8221; button_border_width__hover_enabled=&#8221;off&#8221; button_one_border_width__hover_enabled=&#8221;off&#8221; button_two_border_width__hover_enabled=&#8221;off&#8221; button_border_color__hover_enabled=&#8221;off&#8221; button_one_border_color__hover_enabled=&#8221;off&#8221; button_two_border_color__hover_enabled=&#8221;off&#8221; button_border_radius__hover_enabled=&#8221;off&#8221; button_one_border_radius__hover_enabled=&#8221;off&#8221; button_two_border_radius__hover_enabled=&#8221;off&#8221; button_letter_spacing__hover_enabled=&#8221;off&#8221; button_one_letter_spacing__hover_enabled=&#8221;off&#8221; button_two_letter_spacing__hover_enabled=&#8221;off&#8221; button_bg_color__hover_enabled=&#8221;off&#8221; button_one_bg_color__hover_enabled=&#8221;off&#8221; button_two_bg_color__hover_enabled=&#8221;off&#8221;][\/et_pb_contact_field][\/et_pb_contact_form][\/et_pb_column][\/et_pb_row][\/et_pb_section][et_pb_section fb_built=&#8221;1&#8243; _builder_version=&#8221;4.6.5&#8243; _module_preset=&#8221;default&#8221; background_color=&#8221;#f9fafb&#8221; custom_margin=&#8221;0px||-90px||false|false&#8221; custom_padding=&#8221;60px||0px||false|false&#8221; global_colors_info=&#8221;{}&#8221;][et_pb_row _builder_version=&#8221;4.8.2&#8243; _module_preset=&#8221;default&#8221; background_color=&#8221;rgba(255,255,255,0.5)&#8221; z_index=&#8221;2&#8243; max_width=&#8221;1200px&#8221; custom_padding=&#8221;3%|5%|2%|5%|false|false&#8221; animation_style=&#8221;slide&#8221; animation_direction=&#8221;bottom&#8221; border_radii=&#8221;on|40px|40px|40px|40px&#8221; box_shadow_style=&#8221;preset2&#8243; saved_tabs=&#8221;all&#8221; global_colors_info=&#8221;{}&#8221;][et_pb_column type=&#8221;4_4&#8243; _builder_version=&#8221;4.6.5&#8243; _module_preset=&#8221;default&#8221; global_colors_info=&#8221;{}&#8221;][et_pb_signup mailchimp_list=&#8221;hola@mamadelletimelcat|aed491c2db&#8221; layout=&#8221;top_bottom&#8221; first_name_field=&#8221;off&#8221; last_name_field=&#8221;off&#8221; success_message=&#8221;\u00a1Gracias!&#8221; title=&#8221;Newsletter muy melosas!&#8221; button_text=&#8221;ME APUNTO&#8221; description=&#8221;<\/p>\n<h2>Newsletter muy melosas!<\/h2>\n<p>Te enviar\u00e9 novedades, actividades y alguna receta.<\/p>\n<p>&#8221; use_spam_service=&#8221;on&#8221; recaptcha_list=&#8221;mamadelletimelcat v3|mamadelletimelcat v3-0&#8243; module_class=&#8221;custom-email-optin&#8221; _builder_version=&#8221;4.8.2&#8243; _module_preset=&#8221;default&#8221; form_field_background_color=&#8221;#54907A&#8221; form_field_text_color=&#8221;#FFFFFF&#8221; form_field_focus_background_color=&#8221;#54907A&#8221; form_field_focus_text_color=&#8221;#FFFFFF&#8221; header_font_size=&#8221;38px&#8221; form_field_text_align=&#8221;center&#8221; background_enable_color=&#8221;off&#8221; custom_button=&#8221;on&#8221; button_text_color=&#8221;#54907A&#8221; button_bg_color=&#8221;RGBA(0,0,0,0)&#8221; button_border_width=&#8221;3px&#8221; button_border_color=&#8221;#54907A&#8221; button_border_radius=&#8221;0px&#8221; button_use_icon=&#8221;off&#8221; text_orientation=&#8221;center&#8221; background_layout=&#8221;light&#8221; custom_css_newsletter_fields=&#8221;text-transform: lowercase;&#8221; custom_css_newsletter_button=&#8221;border: 0px;||border-bottom: 3px solid!important;||display: inline-block;||width: auto;&#8221; border_radii_fields=&#8221;on|30px|30px|30px|30px&#8221; global_colors_info=&#8221;{}&#8221; button_letter_spacing__hover_enabled=&#8221;on|hover&#8221; button_letter_spacing__hover=&#8221;2px&#8221; button_bg_color__hover_enabled=&#8221;on|desktop&#8221; button_bg_color__hover=&#8221;RGBA(0,0,0,0)&#8221; button_bg_enable_color__hover=&#8221;on&#8221;][\/et_pb_signup][\/et_pb_column][\/et_pb_row][\/et_pb_section][et_pb_section fb_built=&#8221;1&#8243; admin_label=&#8221;Subscribe&#8221; module_class=&#8221;home-contact&#8221; _builder_version=&#8221;4.6.5&#8243; background_enable_color=&#8221;off&#8221; use_background_color_gradient=&#8221;on&#8221; background_color_gradient_start=&#8221;rgba(255,255,255,0)&#8221; background_color_gradient_end=&#8221;#ffffff&#8221; background_color_gradient_start_position=&#8221;80%&#8221; background_color_gradient_overlays_image=&#8221;on&#8221; background_image=&#8221;https:\/\/www.mamadelletimel.cat\/wp-content\/uploads\/2020\/10\/IMG_7396.jpg&#8221; parallax=&#8221;on&#8221; min_height=&#8221;675px&#8221; custom_margin=&#8221;||||false|false&#8221; custom_padding=&#8221;10vw|0|10vw||false|false&#8221; top_divider_style=&#8221;waves2&#8243; top_divider_color=&#8221;#f9fafb&#8221; top_divider_height=&#8221;200px&#8221; bottom_divider_style=&#8221;waves2&#8243; bottom_divider_color=&#8221;#2d5b47&#8243; bottom_divider_height=&#8221;108px&#8221; box_shadow_style=&#8221;preset7&#8243; box_shadow_horizontal=&#8221;0px&#8221; box_shadow_vertical=&#8221;-80px&#8221; box_shadow_color=&#8221;#ffffff&#8221; global_colors_info=&#8221;{}&#8221;][\/et_pb_section]<\/p>\n","protected":false},"excerpt":{"rendered":"<p>Contacta conmigo Si tienes alguna pregunta, duda, inter\u00e9s, propuesta, comentario o cualquier otra cosa aqu\u00ed te dejo mi contacto, estar\u00e9 encantada de leerte y contestarte!hola@mamadelletimel.cat@mamadelletimel<\/p>\n","protected":false},"author":1,"featured_media":0,"parent":0,"menu_order":0,"comment_status":"closed","ping_status":"closed","template":"","meta":{"_et_pb_use_builder":"on","_et_pb_old_content":"","_et_gb_content_width":"","footnotes":""},"class_list":["post-998","page","type-page","status-publish","hentry"],"_links":{"self":[{"href":"https:\/\/www.mamadelletimel.cat\/es\/wp-json\/wp\/v2\/pages\/998","targetHints":{"allow":["GET"]}}],"collection":[{"href":"https:\/\/www.mamadelletimel.cat\/es\/wp-json\/wp\/v2\/pages"}],"about":[{"href":"https:\/\/www.mamadelletimel.cat\/es\/wp-json\/wp\/v2\/types\/page"}],"author":[{"embeddable":true,"href":"https:\/\/www.mamadelletimel.cat\/es\/wp-json\/wp\/v2\/users\/1"}],"replies":[{"embeddable":true,"href":"https:\/\/www.mamadelletimel.cat\/es\/wp-json\/wp\/v2\/comments?post=998"}],"version-history":[{"count":8,"href":"https:\/\/www.mamadelletimel.cat\/es\/wp-json\/wp\/v2\/pages\/998\/revisions"}],"predecessor-version":[{"id":1756,"href":"https:\/\/www.mamadelletimel.cat\/es\/wp-json\/wp\/v2\/pages\/998\/revisions\/1756"}],"wp:attachment":[{"href":"https:\/\/www.mamadelletimel.cat\/es\/wp-json\/wp\/v2\/media?parent=998"}],"curies":[{"name":"wp","href":"https:\/\/api.w.org\/{rel}","templated":true}]}}