{"id":1144,"date":"2021-02-10T18:34:13","date_gmt":"2021-02-10T16:34:13","guid":{"rendered":"https:\/\/www.mamadelletimel.cat\/aviso-legal-y-politica-de-cookies\/"},"modified":"2021-05-24T12:35:58","modified_gmt":"2021-05-24T10:35:58","slug":"aviso-legal-y-politica-de-cookies","status":"publish","type":"page","link":"https:\/\/www.mamadelletimel.cat\/es\/aviso-legal-y-politica-de-cookies\/","title":{"rendered":"Aviso legal y Pol\u00edtica de Cookies"},"content":{"rendered":"<p><b>OBJETO<\/b><\/p>\n<p><span style=\"font-weight: 400\">El presente aviso legal regula el uso y utilizaci\u00f3n del sitio web www.mamadelletimel.cat del que es titular LAIA OLTRA LLAGOSTERA<\/span><\/p>\n<p><span style=\"font-weight: 400\">La navegaci\u00f3n por el sitio web le atribuye la condici\u00f3n de USUARIO de este y conlleva su aceptaci\u00f3n plena y sin reservas de todas y cada una de las condiciones publicadas en este aviso legal, advirtiendo de que dichas condiciones podr\u00e1n ser modificadas sin notificaci\u00f3n previa por parte de LAIA OLTRA LLAGOSTERA, en cuyo caso se proceder\u00e1 a su publicaci\u00f3n y aviso con la m\u00e1xima antelaci\u00f3n posible.<\/span><\/p>\n<p><span style=\"font-weight: 400\">Por ello es recomendable leer atentamente su contenido en caso de desear acceder y hacer uso de la informaci\u00f3n y de los servicios ofrecidos desde este sitio web.<\/span><\/p>\n<p><span style=\"font-weight: 400\">El usuario, adem\u00e1s, se obliga a hacer un uso correcto del sitio web de conformidad con las leyes, la buena fe, el orden p\u00fablico, los usos del tr\u00e1fico y el presente Aviso Legal, y responder\u00e1 frente a LAIA OLTRA LLAGOSTERA o frente a terceros, de cualesquiera da\u00f1os y perjuicios que pudieran causarse como consecuencia del incumplimiento de dicha obligaci\u00f3n.<\/span><\/p>\n<p><span style=\"font-weight: 400\">Cualquier utilizaci\u00f3n distinta a la autorizada est\u00e1 expresamente prohibida, pudiendo LAIA OLTRA LLAGOSTERA denegar o retirar el acceso y su uso en cualquier momento.<\/span><\/p>\n<p><span style=\"font-weight: 400\">\u00a0<\/span><\/p>\n<ul>\n<li><b>IDENTIFICACI\u00d3N<\/b><\/li>\n<\/ul>\n<p><span style=\"font-weight: 400\">LAIA OLTRA LLAGOSTERA, en cumplimiento de la Ley 34\/2002, de 11 de julio, de Servicios de la Sociedad de la Informaci\u00f3n y de Comercio Electr\u00f3nico, le informa de que:<\/span><\/p>\n<ul>\n<li style=\"font-weight: 400\"><span style=\"font-weight: 400\">Su denominaci\u00f3n social es: LAIA OLTRA LLAGOSTERA<\/span><\/li>\n<li style=\"font-weight: 400\"><span style=\"font-weight: 400\">Su nombre comercial es: LAIA OLTRA<\/span><\/li>\n<li style=\"font-weight: 400\"><span style=\"font-weight: 400\">Su CIF es: 47162836W<\/span><\/li>\n<li style=\"font-weight: 400\"><span style=\"font-weight: 400\">Su domicilio social est\u00e1 en: CAN VERMELLS\/N 17850 BEUDA\u2013 GIRONA<\/span><\/li>\n<\/ul>\n<p><span style=\"font-weight: 400\">\u00a0<\/span><\/p>\n<ol>\n<li style=\"font-weight: 400\"><span style=\"font-weight: 400\">COMUNICACIONES<\/span><\/li>\n<\/ol>\n<p><span style=\"font-weight: 400\">Para comunicarse con nosotros, ponemos a su disposici\u00f3n diferentes medios de contacto que detallamos a continuaci\u00f3n:<\/span><\/p>\n<ul>\n<li style=\"font-weight: 400\"><span style=\"font-weight: 400\">Tfno: 609761613<\/span><\/li>\n<li style=\"font-weight: 400\"><span style=\"font-weight: 400\">Email: laiaoltra@gmail.com<\/span><\/li>\n<li style=\"font-weight: 400\"><span style=\"font-weight: 400\">Direcci\u00f3n postal: CAN VERMELLS\/N 17850 BEUDA\u2013 GIRONA<\/span><\/li>\n<\/ul>\n<p>&nbsp;<\/p>\n<p><span style=\"font-weight: 400\">Todas las notificaciones y comunicaciones entre los usuarios y LAIA OLTRA se considerar\u00e1n eficaces, a todos los efectos, cuando se realicen a trav\u00e9s de cualquier medio de los detallados anteriormente.<\/span><\/p>\n<p><span style=\"font-weight: 400\">\u00a0<\/span><\/p>\n<ul>\n<li><b>CONDICIONES DE ACCESO Y UTILIZACI\u00d3N<\/b><\/li>\n<\/ul>\n<p><span style=\"font-weight: 400\">El sitio web y sus informaciones son de acceso libre y gratuito. No obstante, LAIA OLTRA puede condicionar la utilizaci\u00f3n de algunos de los servicios ofrecidos en su web a la previa formalizaci\u00f3n del correspondiente contrato de prestaci\u00f3n de servicios bajo licencias.<\/span><\/p>\n<p><span style=\"font-weight: 400\">El usuario garantiza la autenticidad y actualidad de todos aquellos datos que comunique a LAIA OLTRA y ser\u00e1 el \u00fanico responsable de las manifestaciones falsas o inexactas que realice.<\/span><\/p>\n<p><span style=\"font-weight: 400\">El usuario se compromete expresamente a hacer un uso adecuado de los contenidos y servicios de LAIA OLTRA y a no emplearlos para, entre otros:<\/span><\/p>\n<ol>\n<li style=\"font-weight: 400\"><span style=\"font-weight: 400\">Difundir contenidos delictivos, violentos, pornogr\u00e1ficos, racistas, xen\u00f3fobos, ofensivos, de apolog\u00eda del terrorismo o, en general, contrarios a la ley o al orden p\u00fablico.<\/span><\/li>\n<li style=\"font-weight: 400\"><span style=\"font-weight: 400\">Introducir en la red virus inform\u00e1ticos o realizar actuaciones susceptibles de alterar, estropear, interrumpir o generar errores o da\u00f1os en los documentos electr\u00f3nicos, datos o sistemas f\u00edsicos y l\u00f3gicos de LAIA OLTRA o de terceras personas; as\u00ed como obstaculizar el acceso de otros usuarios al sitio web y a sus servicios mediante el consumo masivo de los recursos inform\u00e1ticos a trav\u00e9s de los cuales LAIA OLTRA presta sus servicios.<\/span><\/li>\n<li style=\"font-weight: 400\"><span style=\"font-weight: 400\">Intentar acceder a las cuentas de correo electr\u00f3nico de otros usuarios o a \u00e1reas restringidas de los sistemas inform\u00e1ticos de LAIA OLTRA o de terceros y, en su caso, extraer informaci\u00f3n.<\/span><\/li>\n<li style=\"font-weight: 400\"><span style=\"font-weight: 400\">Vulnerar los derechos de propiedad intelectual o industrial, as\u00ed como violar la confidencialidad de la informaci\u00f3n de LAIA OLTRA o de terceros.<\/span><\/li>\n<li style=\"font-weight: 400\"><span style=\"font-weight: 400\">Suplantar la identidad de cualquier otro usuario.<\/span><\/li>\n<li style=\"font-weight: 400\"><span style=\"font-weight: 400\">Reproducir, copiar, distribuir, poner a disposici\u00f3n de, LAIA OLTRA o cualquier otra forma de comunicaci\u00f3n p\u00fablica, transformar o modificar los contenidos, a menos que se cuente con la autorizaci\u00f3n del titular de los correspondientes derechos o ello resulte legalmente permitido.<\/span><\/li>\n<li style=\"font-weight: 400\"><span style=\"font-weight: 400\">Recabar datos con finalidad publicitaria y de remitir publicidad de cualquier clase y comunicaciones con fines de venta u otras de naturaleza comercial sin que medie su previa solicitud o consentimiento.<\/span><\/li>\n<\/ol>\n<p>&nbsp;<\/p>\n<p><span style=\"font-weight: 400\">Todos los contenidos del sitio web, como textos, fotograf\u00edas, gr\u00e1ficos, im\u00e1genes, iconos, tecnolog\u00eda, software, as\u00ed como su dise\u00f1o gr\u00e1fico y c\u00f3digos fuente, constituyen una obra cuya propiedad pertenece a LAIA OLTRA sin que puedan entenderse cedidos al usuario ninguno de los derechos de explotaci\u00f3n sobre los mismos m\u00e1s all\u00e1 de lo estrictamente necesario para el correcto uso de la web.<\/span><\/p>\n<p><span style=\"font-weight: 400\">En definitiva, los usuarios que accedan a este sitio web pueden visualizar los contenidos y efectuar, en su caso, copias privadas autorizadas siempre que los elementos reproducidos no sean cedidos posteriormente a terceros, ni se instalen a servidores conectados a redes, ni sean objeto de ning\u00fan tipo de explotaci\u00f3n.<\/span><\/p>\n<p><span style=\"font-weight: 400\">Asimismo, todas las marcas, nombres comerciales o signos distintivos de cualquier clase que aparecen en el sitio web son propiedad de LAIA OLTRA, sin que pueda entenderse que el uso o acceso al mismo atribuya al usuario derecho alguno sobre los mismos.<\/span><\/p>\n<p><span style=\"font-weight: 400\">La distribuci\u00f3n, modificaci\u00f3n, cesi\u00f3n o comunicaci\u00f3n p\u00fablica de los contenidos y cualquier otro acto que no haya sido expresamente autorizado por el titular de los derechos de explotaci\u00f3n quedan prohibidos.<\/span><\/p>\n<p><span style=\"font-weight: 400\">El establecimiento de un hiperenlace no implica en ning\u00fan caso la existencia de relaciones entre LAIA OLTRA y el propietario del sitio web en la que se establezca, ni la aceptaci\u00f3n y aprobaci\u00f3n por parte de LAIA OLTRA de sus contenidos o servicios.<\/span><\/p>\n<p><span style=\"font-weight: 400\">LAIA OLTRA no se responsabiliza del uso que cada usuario les d\u00e9 a los materiales puestos a disposici\u00f3n en este sitio web ni de las actuaciones que realice en base a los mismos.<\/span><\/p>\n<p>&nbsp;<\/p>\n<p><b>3.1 EXCLUSI\u00d3N DE RESPOSABILIDAD EN EL ACCESO Y LA UTILIZACI\u00d3N DE LA WEB<\/b><\/p>\n<p><span style=\"font-weight: 400\">El propietario de la web excluye cualquier responsabilidad relacionada con la disponibilidad, fiabilidad y continuidad del sitio web, aunque siempre intentara restablecer a la mayor brevedad posible la interrupci\u00f3n y en la medida de sus posibilidades disponer de medios alternativos.<\/span><\/p>\n<p><span style=\"font-weight: 400\">\u00a0LAIA OLTRA excluye, hasta donde permite el ordenamiento jur\u00eddico, cualquier responsabilidad por los da\u00f1os y perjuicios de toda naturaleza derivados de:<\/span><\/p>\n<ol>\n<li style=\"font-weight: 400\"><span style=\"font-weight: 400\">La imposibilidad de acceso al sitio web o la falta de veracidad, exactitud, exhaustividad y\/o actualidad de los contenidos, as\u00ed como la existencia de vicios y defectos de toda clase de los contenidos transmitidos, difundidos, almacenados, puestos a disposici\u00f3n, a los que se haya accedido a trav\u00e9s del sitio web o de los servicios que se ofrecen.<\/span><\/li>\n<li style=\"font-weight: 400\"><span style=\"font-weight: 400\">La presencia de virus o de otros elementos en los contenidos que puedan producir alteraciones en los sistemas inform\u00e1ticos, documentos electr\u00f3nicos o datos de los usuarios.<\/span><\/li>\n<li style=\"font-weight: 400\"><span style=\"font-weight: 400\">El incumplimiento de las leyes, la buena fe, el orden p\u00fablico, los usos del tr\u00e1fico y el presente aviso legal como consecuencia del uso incorrecto del sitio web. En particular, y a modo ejemplificativo, LAIA OLTRA no se hace responsable de las actuaciones de terceros que vulneren derechos de propiedad intelectual e industrial, secretos empresariales, derechos al honor, a la intimidad personal y familiar y a la propia imagen, as\u00ed como la normativa en materia de competencia desleal y publicidad il\u00edcita.<\/span><\/li>\n<\/ol>\n<p><span style=\"font-weight: 400\">Asimismo, LAIA OLTRA declina cualquier responsabilidad respecto a la informaci\u00f3n que se halle fuera de esta web y no sea gestionada directamente por nuestro webmaster. La funci\u00f3n de los links que aparecen en esta web es exclusivamente la de informar al usuario sobre la existencia de otras fuentes susceptibles de ampliar los contenidos que ofrece este sitio web. LAIA OLTRA no garantiza ni se responsabiliza del funcionamiento o accesibilidad de los sitios enlazados; ni sugiere, invita o recomienda la visita a los mismos, por lo que tampoco ser\u00e1 responsable del resultado obtenido. LAIA OLTRA no se responsabiliza del establecimiento de hiperv\u00ednculos por parte de terceros.<\/span><\/p>\n<p>&nbsp;<\/p>\n<p><b>3.2 PROCEDIMIENTO EN CASO DE REALIZACI\u00d3N DE ACTIVIDADES DE CAR\u00c1CTER IL\u00cdCITO<\/b><\/p>\n<p><span style=\"font-weight: 400\">En el caso de que cualquier usuario o un tercero considere que existen hechos o circunstancias que revelen el car\u00e1cter il\u00edcito de la utilizaci\u00f3n de cualquier contenido y\/o de la realizaci\u00f3n de cualquier actividad en las p\u00e1ginas web incluidas o accesibles a trav\u00e9s del sitio web, deber\u00e1 enviar una notificaci\u00f3n a LAIA OLTRA identific\u00e1ndose debidamente y especificando las supuestas infracciones.<\/span><\/p>\n<p>&nbsp;<\/p>\n<p><b>3.3 PUBLICACIONES<\/b><\/p>\n<p><span style=\"font-weight: 400\">La informaci\u00f3n administrativa facilitada a trav\u00e9s del sitio web no sustituye la publicidad legal de las leyes, normativas, planes, disposiciones generales y actos que tengan que ser publicados formalmente a los diarios oficiales de las administraciones p\u00fablicas, que constituyen el \u00fanico instrumento que da fe de su autenticidad y contenido. La informaci\u00f3n disponible en este sitio web debe entenderse como una gu\u00eda sin prop\u00f3sito de validez legal.<\/span><\/p>\n<p><b><\/b><\/p>\n<ul>\n<li><b>POL\u00cdTICA DE PRIVACIDAD<\/b><\/li>\n<\/ul>\n<p>&nbsp;<\/p>\n<p><b>4.1 Informaci\u00f3n b\u00e1sica sobre Protecci\u00f3n de Datos\u00a0<\/b><\/p>\n<p><span style=\"font-weight: 400\">Responsable: LAIA OLTRA LLAGOSTERA\u00a0<\/span><\/p>\n<p><span style=\"font-weight: 400\">Finalidad: Prestar los servicios solicitados, mantener comunicaciones para la consecuci\u00f3n de estos y mantenerle informado sobre nuestra actividad en general.<\/span><\/p>\n<p><span style=\"font-weight: 400\">Legitimaci\u00f3n: Ejecuci\u00f3n de un contrato. Consentimiento del interesado.\u00a0<\/span><\/p>\n<p><span style=\"font-weight: 400\">Destinatarios: No se ceder\u00e1n datos a terceros, salvo obligaci\u00f3n legal.\u00a0<\/span><\/p>\n<p><span style=\"font-weight: 400\">Derechos: Tiene derecho a acceder, rectificar y suprimir los datos, as\u00ed como otros derechos indicados en la informaci\u00f3n adicional, que puede ejercer dirigi\u00e9ndose a la direcci\u00f3n laiaoltra@gmail.com.<\/span><\/p>\n<p><span style=\"font-weight: 400\">\u00a0<\/span><\/p>\n<p><b>4.2. Informaci\u00f3n adicional sobre protecci\u00f3n de datos<\/b><\/p>\n<p>&nbsp;<\/p>\n<p><b>\u00bfQui\u00e9n es el responsable del tratamiento de sus datos?<\/b><\/p>\n<p><span style=\"font-weight: 400\">Identidad: LAIA OLTRA LLAGOSTERA \u2013 NIF: 47162836W &#8211; Direcci\u00f3n postal: CAN VERMELLS\/N 17850 BEUDA\u2013 GIRONA Tel\u00e9fono: 609761613 &#8211; Correo electr\u00f3nico: laiaoltra@gmail.com\u00a0<\/span><\/p>\n<p>&nbsp;<\/p>\n<p><b>\u00bfCon qu\u00e9 finalidad tratamos sus datos personales?<\/b><\/p>\n<p><span style=\"font-weight: 400\">En LAIA OLTRA LLAGOSTERA tratamos la informaci\u00f3n que nos facilitan las personas interesadas con el fin de prestarle los servicios concertados, realizar la gesti\u00f3n administrativa, contable y fiscal de los servicios solicitados, mantener comunicaciones a cerca de los mismos, as\u00ed como el env\u00edo de comunicaciones inclusive por correo electr\u00f3nico, para mantenerle informado sobre nuestra actividad en general.<\/span><\/p>\n<p>&nbsp;<\/p>\n<p><b>\u00bfPor cu\u00e1nto tiempo conservaremos sus datos?<\/b><\/p>\n<p><span style=\"font-weight: 400\">Los datos se conservar\u00e1n mientras no solicite su supresi\u00f3n, y en cualquier caso, durante los a\u00f1os necesarios para cumplir con las obligaciones legales.<\/span><\/p>\n<p>&nbsp;<\/p>\n<p><b>\u00bfCu\u00e1l es la legitimaci\u00f3n para el tratamiento de sus datos?<\/b><\/p>\n<p><span style=\"font-weight: 400\">Le indicamos la base legal para el tratamiento de sus datos:<\/span><\/p>\n<ul>\n<li style=\"font-weight: 400\"><span style=\"font-weight: 400\">Ejecuci\u00f3n de un contrato: Prestaci\u00f3n de los servicios solicitados<\/span><\/li>\n<li style=\"font-weight: 400\"><span style=\"font-weight: 400\">Consentimiento del interesado: Env\u00edo de comunicaciones comerciales sobre nuestra actividad en general.\u00a0<\/span><\/li>\n<\/ul>\n<p>&nbsp;<\/p>\n<p><b>\u00bfA qu\u00e9 destinatarios se comunicar\u00e1n sus datos?<\/b><\/p>\n<p><span style=\"font-weight: 400\">No se ceder\u00e1n datos a terceros, salvo obligaci\u00f3n legal.<\/span><\/p>\n<p>&nbsp;<\/p>\n<p><b>\u00bfTransferencias de datos a terceros pa\u00edses?<\/b><\/p>\n<p><span style=\"font-weight: 400\">No est\u00e1n previstas transferencias de datos a terceros pa\u00edses.<\/span><\/p>\n<p>&nbsp;<\/p>\n<p><b>\u00bfCu\u00e1les son sus derechos cuando nos facilita sus datos?<\/b><\/p>\n<p><span style=\"font-weight: 400\">Cualquier persona tiene derecho a obtener confirmaci\u00f3n sobre si en LAIA OLTRA LLAGOSTERA estamos tratando datos personales que les conciernan, o no.<\/span><\/p>\n<p><span style=\"font-weight: 400\">Las personas interesadas tienen derecho a acceder a sus datos personales, as\u00ed como a solicitar la rectificaci\u00f3n de los datos inexactos o, en su caso, solicitar su supresi\u00f3n cuando, entre otros motivos, los datos ya no sean necesarios para los fines que fueron recogidos.<\/span><\/p>\n<p><span style=\"font-weight: 400\">En determinadas circunstancias, los interesados podr\u00e1n solicitar la limitaci\u00f3n del tratamiento de sus datos, en cuyo caso \u00fanicamente los conservaremos para el ejercicio o la defensa de reclamaciones. Asimismo, en los supuestos legalmente establecidos, tendr\u00e1 derecho a la portabilidad de sus datos personales.<\/span><\/p>\n<p><span style=\"font-weight: 400\">En determinadas circunstancias y por motivos relacionados con su situaci\u00f3n particular, los interesados podr\u00e1n oponerse al tratamiento de sus datos. En este caso LAIA OLTRA LLAGOSTERA dejar\u00e1 de tratar los datos, salvo por motivos leg\u00edtimos imperiosos, o el ejercicio o la defensa de posibles reclamaciones.<\/span><\/p>\n<p><span style=\"font-weight: 400\">Podr\u00e1 ejercitar materialmente sus derechos de la siguiente forma:\u00a0<\/span><\/p>\n<p><span style=\"font-weight: 400\">enviando un correo electr\u00f3nico a laiaoltra@gmail.com o una carta a CAN VERMELLS\/N 17850 BEUDA\u2013 GIRONA.<\/span><\/p>\n<p><span style=\"font-weight: 400\">Si ha otorgado su consentimiento para alguna finalidad concreta, tiene derecho a retirar el consentimiento otorgado en cualquier momento, sin que ello afecte a la licitud del tratamiento basado en el consentimiento previo a su retirada.<\/span><\/p>\n<p><span style=\"font-weight: 400\">En caso de que sienta vulnerados sus derechos en lo concerniente a la protecci\u00f3n de sus datos personales, especialmente cuando no haya obtenido satisfacci\u00f3n en el ejercicio de sus derechos, puede presentar una reclamaci\u00f3n ante la Autoridad de Control en materia de Protecci\u00f3n de Datos competente a trav\u00e9s de su sitio web: <\/span><a href=\"http:\/\/www.agpd.es\/\"><span style=\"font-weight: 400\">www.agpd.es<\/span><\/a><span style=\"font-weight: 400\">. <\/span><\/p>\n","protected":false},"excerpt":{"rendered":"<p>OBJETO El presente aviso legal regula el uso y utilizaci\u00f3n del sitio web www.mamadelletimel.cat del que es titular LAIA OLTRA LLAGOSTERA La navegaci\u00f3n por el sitio web le atribuye la condici\u00f3n de USUARIO de este y conlleva su aceptaci\u00f3n plena y sin reservas de todas y cada una de las condiciones publicadas en este aviso [&hellip;]<\/p>\n","protected":false},"author":1,"featured_media":0,"parent":0,"menu_order":0,"comment_status":"closed","ping_status":"closed","template":"","meta":{"_et_pb_use_builder":"","_et_pb_old_content":"","_et_gb_content_width":"","footnotes":""},"class_list":["post-1144","page","type-page","status-publish","hentry"],"_links":{"self":[{"href":"https:\/\/www.mamadelletimel.cat\/es\/wp-json\/wp\/v2\/pages\/1144","targetHints":{"allow":["GET"]}}],"collection":[{"href":"https:\/\/www.mamadelletimel.cat\/es\/wp-json\/wp\/v2\/pages"}],"about":[{"href":"https:\/\/www.mamadelletimel.cat\/es\/wp-json\/wp\/v2\/types\/page"}],"author":[{"embeddable":true,"href":"https:\/\/www.mamadelletimel.cat\/es\/wp-json\/wp\/v2\/users\/1"}],"replies":[{"embeddable":true,"href":"https:\/\/www.mamadelletimel.cat\/es\/wp-json\/wp\/v2\/comments?post=1144"}],"version-history":[{"count":1,"href":"https:\/\/www.mamadelletimel.cat\/es\/wp-json\/wp\/v2\/pages\/1144\/revisions"}],"predecessor-version":[{"id":1456,"href":"https:\/\/www.mamadelletimel.cat\/es\/wp-json\/wp\/v2\/pages\/1144\/revisions\/1456"}],"wp:attachment":[{"href":"https:\/\/www.mamadelletimel.cat\/es\/wp-json\/wp\/v2\/media?parent=1144"}],"curies":[{"name":"wp","href":"https:\/\/api.w.org\/{rel}","templated":true}]}}